{"id":11,"date":"2016-05-09T11:38:38","date_gmt":"2016-05-09T14:38:38","guid":{"rendered":"https:\/\/congresso.uepb.edu.br\/jonap\/?page_id=11"},"modified":"2016-07-12T15:29:31","modified_gmt":"2016-07-12T18:29:31","slug":"inscricoes","status":"publish","type":"page","link":"https:\/\/congresso.uepb.edu.br\/jonap\/inscricoes\/","title":{"rendered":"Inscri\u00e7\u00f5es"},"content":{"rendered":"<table style=\"height: 198px\" width=\"725\">\n<thead>\n<tr>\n<td style=\"text-align: left\"><strong>Categorias<\/strong><\/td>\n<td style=\"text-align: center\"><strong>At\u00e9 20\/07\/2016<\/strong><\/td>\n<td style=\"text-align: center\"><strong>Ap\u00f3s 20\/07\/2016<\/strong><\/td>\n<\/tr>\n<\/thead>\n<tbody>\n<tr>\n<td>Estudante de Gradua\u00e7\u00e3o<\/td>\n<td style=\"text-align: center\">R$ 50,00<\/td>\n<td style=\"text-align: center\">R$ 60,00<\/td>\n<\/tr>\n<tr>\n<td>Profissional\/Professor<\/td>\n<td style=\"text-align: center\">R$ 60,00<\/td>\n<td style=\"text-align: center\">R$ 70,00<\/td>\n<\/tr>\n<tr>\n<td>Estudante de P\u00f3s-Gradua\u00e7\u00e3o<\/td>\n<td style=\"text-align: center\">R$ 60,00<\/td>\n<td style=\"text-align: center\">R$ 70,00<\/td>\n<\/tr>\n<tr>\n<td>*Participa\u00e7\u00e3o sem envio de artigos<\/td>\n<td style=\"text-align: center\">R$ 50,00<\/td>\n<td style=\"text-align: center\">R$ 60,00<\/td>\n<\/tr>\n<\/tbody>\n<\/table>\n<h3 style=\"text-align: justify\">INSTRU\u00c7\u00d5ES PARA FAZER A INSCRI\u00c7\u00c3O SEM O ENVIO DE TRABALHO:<\/h3>\n<p style=\"text-align: justify\">1) Preencha o \u201cFormul\u00e1rio de Inscri\u00e7\u00e3o\u201d e marque a op\u00e7\u00e3o <strong>sem trabalho<\/strong> e envie.<\/p>\n<p style=\"text-align: justify\">2) Pague sua inscri\u00e7\u00e3o e digitalize o comprovante de pagamento.<\/p>\n<p style=\"text-align: justify\">3) Encaminhe o comprovante de pagamento de inscri\u00e7\u00e3o para o seguinte e-mail: <span style=\"color: #0000ff\">jornadadeadmpub@gmail.com<\/span>, no campo assunto do e-mail subscreva &#8211; INSCRI\u00c7\u00c3O SEM TRABALHO.<\/p>\n<h3 style=\"text-align: justify\">INSTRU\u00c7\u00d5ES PARA FAZER A INSCRI\u00c7\u00c3O COM O ENVIO DE TRABALHO:<\/h3>\n<ul style=\"text-align: justify\">\n<li>1) Preencha o \u201cFormul\u00e1rio de Inscri\u00e7\u00e3o\u201d e marque a op\u00e7\u00e3o <strong>com trabalho<\/strong> e envie.<\/li>\n<li>2) Pague sua inscri\u00e7\u00e3o e digitalize o comprovante de pagamento.<\/li>\n<li>3) Encaminhe o comprovante de pagamento de inscri\u00e7\u00e3o para o seguinte e-mail: <span style=\"color: #0000ff\">jornadadeadmpub@gmail.com<\/span>, no campo assunto do e-mail subscreva &#8211; INSCRI\u00c7\u00c3O COM TRABALHO.<\/li>\n<\/ul>\n<h4 style=\"text-align: justify\">A confirma\u00e7\u00e3o da inscri\u00e7\u00e3o ser\u00e1 feita por e-mail em at\u00e9 48 horas. Por favor, verifique a sua caixa de spam, caso n\u00e3o receba a confirma\u00e7\u00e3o em 48 horas, ou entre em contato com a comiss\u00e3o organizadora atrav\u00e9s do e-mail:<span style=\"color: #0000ff\">jornadadeadmpub@gmail.com<\/span>.<\/h4>\n<h3 style=\"text-align: center\"><a href=\"https:\/\/sistemas.uepb.edu.br\/UEPBForms\/\">Para realizar a sua inscri\u00e7\u00e3o\u00a0<strong>clique aqui<\/strong><\/a><\/h3>\n<p style=\"text-align: justify\"><span style=\"color: #0000ff\"><span style=\"color: #ff0000\"><strong>ATEN\u00c7\u00c3O!:<\/strong><\/span> Em seguida, selecione a op\u00e7\u00e3o &#8211; <strong>INSCRI\u00c7\u00c3O DE PARTICIPA\u00c7\u00c3O NA I JORNADA NACIONAL DE ADMINISTRA\u00c7\u00c3O P\u00daBLICA DA UEPB<\/strong>, que se encontra na lista de formul\u00e1rio, na \u00e1rea <strong>REALIZAR NOVA INSCRI\u00c7\u00c3O<\/strong>, e ap\u00f3s isso aparecer\u00e3o os campos para que voc\u00ea possa preencher e continuar com seu processo de inscri\u00e7\u00e3o. <span style=\"color: #ff0000\"><strong>O sistema n\u00e3o vai gerar boleto!<\/strong><\/span><\/span><\/p>\n<p style=\"text-align: justify\">Ap\u00f3s preencher o formul\u00e1rio de inscri\u00e7\u00e3o e enviar, <span style=\"color: #ff0000\">\u00e9 necess\u00e1rio efetuar um dep\u00f3sito banc\u00e1rio ou transfer\u00eancia<\/span> para a conta do evento para efetivar sua inscri\u00e7\u00e3o.<\/p>\n<p style=\"text-align: justify\">Ap\u00f3s o pagamento da inscri\u00e7\u00e3o os valores n\u00e3o ser\u00e3o devolvidos, por isso, antes de fazer sua inscri\u00e7\u00e3o tenha certeza que de fato deseja participar do evento. O simples pagamento da inscri\u00e7\u00e3o n\u00e3o \u00e9 garantia de aceite do(s) artigo(s) submetido(s), contudo, garante a participa\u00e7\u00e3o no evento.<\/p>\n<p style=\"text-align: justify\"><span style=\"color: #0000ff\">CONTA BANC\u00c1RIA PARA DEP\u00d3SITO DO VALOR DA INSCRI\u00c7\u00c3O<\/span><br \/>\n<strong>Caixa Econ\u00f4mica Federal<\/strong><br \/>\n<strong>Ag\u00eancia: 0836<\/strong><br \/>\n<strong>Conta Poupan\u00e7a: 5513-9<\/strong><br \/>\n<strong>Opera\u00e7\u00e3o: 013<\/strong><\/p>\n<p style=\"text-align: justify\">As inscri\u00e7\u00f5es s\u00e3o gratuitas para alunos do curso de Administra\u00e7\u00e3o P\u00fablica da UEPB\/EAD, mas no momento do credenciamento ser\u00e1 solicitado a doa\u00e7\u00e3o de dois quilos de alimentos n\u00e3o perec\u00edveis, que posteriormente ser\u00e3o doados a institui\u00e7\u00f5es sociais. Lembrando que a condi\u00e7\u00e3o de vinculo com o curso ser\u00e1 verificada no momento do credenciamento, quando ser\u00e1 solicitada a apresenta\u00e7\u00e3o de uma declara\u00e7\u00e3o de matr\u00edcula.<\/p>\n","protected":false},"excerpt":{"rendered":"<p>Categorias At\u00e9 20\/07\/2016 Ap\u00f3s 20\/07\/2016 Estudante de Gradua\u00e7\u00e3o R$ 50,00 R$ 60,00 Profissional\/Professor R$ 60,00 R$ 70,00 Estudante de P\u00f3s-Gradua\u00e7\u00e3o R$ 60,00 R$ 70,00 *Participa\u00e7\u00e3o sem envio de artigos R$ 50,00 R$ 60,00 INSTRU\u00c7\u00d5ES PARA FAZER A INSCRI\u00c7\u00c3O SEM O ENVIO DE TRABALHO: 1) Preencha o \u201cFormul\u00e1rio de Inscri\u00e7\u00e3o\u201d e marque a op\u00e7\u00e3o sem trabalho [&hellip;]<\/p>\n","protected":false},"author":1,"featured_media":0,"parent":0,"menu_order":0,"comment_status":"closed","ping_status":"closed","template":"","meta":{"footnotes":""},"class_list":["post-11","page","type-page","status-publish","hentry"],"_links":{"self":[{"href":"https:\/\/congresso.uepb.edu.br\/jonap\/wp-json\/wp\/v2\/pages\/11","targetHints":{"allow":["GET"]}}],"collection":[{"href":"https:\/\/congresso.uepb.edu.br\/jonap\/wp-json\/wp\/v2\/pages"}],"about":[{"href":"https:\/\/congresso.uepb.edu.br\/jonap\/wp-json\/wp\/v2\/types\/page"}],"author":[{"embeddable":true,"href":"https:\/\/congresso.uepb.edu.br\/jonap\/wp-json\/wp\/v2\/users\/1"}],"replies":[{"embeddable":true,"href":"https:\/\/congresso.uepb.edu.br\/jonap\/wp-json\/wp\/v2\/comments?post=11"}],"version-history":[{"count":16,"href":"https:\/\/congresso.uepb.edu.br\/jonap\/wp-json\/wp\/v2\/pages\/11\/revisions"}],"predecessor-version":[{"id":132,"href":"https:\/\/congresso.uepb.edu.br\/jonap\/wp-json\/wp\/v2\/pages\/11\/revisions\/132"}],"wp:attachment":[{"href":"https:\/\/congresso.uepb.edu.br\/jonap\/wp-json\/wp\/v2\/media?parent=11"}],"curies":[{"name":"wp","href":"https:\/\/api.w.org\/{rel}","templated":true}]}}