{"id":13,"date":"2016-05-09T11:40:35","date_gmt":"2016-05-09T14:40:35","guid":{"rendered":"https:\/\/congresso.uepb.edu.br\/jonap\/?page_id=13"},"modified":"2016-08-29T20:31:05","modified_gmt":"2016-08-29T23:31:05","slug":"submissao-de-resumo-expandido","status":"publish","type":"page","link":"https:\/\/congresso.uepb.edu.br\/jonap\/submissao-de-resumo-expandido\/","title":{"rendered":"Submiss\u00e3o de resumo"},"content":{"rendered":"<h3 style=\"text-align: justify\">INSTRU\u00c7\u00d5ES PARA SUBMETER O RESUMO:<\/h3>\n<p><strong>1)<\/strong> Preencha o \u201cFormul\u00e1rio de Inscri\u00e7\u00e3o\u201d e envie com seus dados\u00a0at\u00e9 5 de setembro de 2016;<\/p>\n<p><strong>2)<\/strong> Utilize o \u201cArquivo Modelo\u201d com as diretrizes para submiss\u00e3o de resumo.<\/p>\n<p style=\"text-align: justify\"><strong>3)<\/strong> O arquivo do seu resumo dever\u00e1 ser salvo no formato do programa Microsoft Word\u00a0(.rtf). O tamanho do arquivo do seu trabalho n\u00e3o deve ultrapassar 1 Mb, at\u00e9 mesmo para facilitar o\u00a0envio por e-mail.<\/p>\n<p style=\"text-align: justify\"><strong>4)<\/strong> Pague sua inscri\u00e7\u00e3o e digitalize o comprovante para ser enviado junto com o resumo e\u00a0formul\u00e1rio de submiss\u00e3o, no momento da submiss\u00e3o. Todos os arquivos devem ser renomeados\u00a0conforme o c\u00f3digo da \u00e1rea tem\u00e1tica e o sobrenome em mai\u00fasculo do autor principal (Ex:\u00a0LIMA_GP1).<\/p>\n<p style=\"text-align: justify\"><strong>5)<\/strong> Encaminhe o arquivo de seu resumo e o comprovante de pagamento de inscri\u00e7\u00e3o para\u00a0o seguinte e-mail: <span style=\"color: #0000ff\">jornadadeadmpub@gmail.com<\/span><\/p>\n<p style=\"text-align: justify\"><strong>Aten\u00e7\u00e3o! <span style=\"color: #ff0000\">O resumo<\/span>\u00a0e o comprovante de pagamento devem ser enviados em\u00a0anexo para o e-mail: <span style=\"color: #0000ff\">jornadadeadmpub@gmail.com<\/span>, junto com a identifica\u00e7\u00e3o do\u00a0Congressista. No campo assunto do e-mail subscreva \u201cINSCRI\u00c7\u00c3O COM TRABALHO.<\/strong><\/p>\n","protected":false},"excerpt":{"rendered":"<p>INSTRU\u00c7\u00d5ES PARA SUBMETER O RESUMO: 1) Preencha o \u201cFormul\u00e1rio de Inscri\u00e7\u00e3o\u201d e envie com seus dados\u00a0at\u00e9 5 de setembro de 2016; 2) Utilize o \u201cArquivo Modelo\u201d com as diretrizes para submiss\u00e3o de resumo. 3) O arquivo do seu resumo dever\u00e1 ser salvo no formato do programa Microsoft Word\u00a0(.rtf). O tamanho do arquivo do seu trabalho [&hellip;]<\/p>\n","protected":false},"author":1,"featured_media":0,"parent":0,"menu_order":0,"comment_status":"closed","ping_status":"closed","template":"","meta":{"footnotes":""},"class_list":["post-13","page","type-page","status-publish","hentry"],"_links":{"self":[{"href":"https:\/\/congresso.uepb.edu.br\/jonap\/wp-json\/wp\/v2\/pages\/13","targetHints":{"allow":["GET"]}}],"collection":[{"href":"https:\/\/congresso.uepb.edu.br\/jonap\/wp-json\/wp\/v2\/pages"}],"about":[{"href":"https:\/\/congresso.uepb.edu.br\/jonap\/wp-json\/wp\/v2\/types\/page"}],"author":[{"embeddable":true,"href":"https:\/\/congresso.uepb.edu.br\/jonap\/wp-json\/wp\/v2\/users\/1"}],"replies":[{"embeddable":true,"href":"https:\/\/congresso.uepb.edu.br\/jonap\/wp-json\/wp\/v2\/comments?post=13"}],"version-history":[{"count":10,"href":"https:\/\/congresso.uepb.edu.br\/jonap\/wp-json\/wp\/v2\/pages\/13\/revisions"}],"predecessor-version":[{"id":157,"href":"https:\/\/congresso.uepb.edu.br\/jonap\/wp-json\/wp\/v2\/pages\/13\/revisions\/157"}],"wp:attachment":[{"href":"https:\/\/congresso.uepb.edu.br\/jonap\/wp-json\/wp\/v2\/media?parent=13"}],"curies":[{"name":"wp","href":"https:\/\/api.w.org\/{rel}","templated":true}]}}